{"id":87,"date":"2021-03-11T19:22:22","date_gmt":"2021-03-11T19:22:22","guid":{"rendered":"https:\/\/handschuh-neubau.at\/?page_id=87"},"modified":"2026-02-13T11:08:41","modified_gmt":"2026-02-13T11:08:41","slug":"herzlich-willkommen","status":"publish","type":"page","link":"https:\/\/handschuh-neubau.at\/","title":{"rendered":"Herzlich Willkommen"},"content":{"rendered":"\n<div class=\"wp-block-columns is-layout-flex wp-container-core-columns-is-layout-9d6595d7 wp-block-columns-is-layout-flex\">\n<div class=\"wp-block-column is-layout-flow wp-block-column-is-layout-flow\" style=\"flex-basis:100%\">\n<figure class=\"wp-block-video\"><video height=\"1080\" style=\"aspect-ratio: 1920 \/ 1080;\" width=\"1920\" autoplay controls poster=\"https:\/\/handschuh-neubau.at\/wp-content\/uploads\/2021\/03\/cropped-logo-breit-1.png\" src=\"https:\/\/handschuh-neubau.at\/wp-content\/uploads\/2021\/12\/HandschuheHomepage.m4v\"><\/video><\/figure>\n<\/div>\n<\/div>\n\n\n\n<figure class=\"wp-block-video\"><video height=\"480\" style=\"aspect-ratio: 852 \/ 480;\" width=\"852\" controls src=\"https:\/\/handschuh-neubau.at\/wp-content\/uploads\/2023\/12\/Handschuh-am-Neubau-1.mp4\"><\/video><\/figure>\n\n\n\n<div class=\"wp-block-media-text alignwide is-stacked-on-mobile\"><figure class=\"wp-block-media-text__media\"><img loading=\"lazy\" decoding=\"async\" width=\"800\" height=\"534\" src=\"https:\/\/handschuh-neubau.at\/wp-content\/uploads\/2021\/03\/Laden_Bild.jpg\" alt=\"\" class=\"wp-image-130 size-full\" srcset=\"https:\/\/handschuh-neubau.at\/wp-content\/uploads\/2021\/03\/Laden_Bild.jpg 800w, https:\/\/handschuh-neubau.at\/wp-content\/uploads\/2021\/03\/Laden_Bild-300x200.jpg 300w, https:\/\/handschuh-neubau.at\/wp-content\/uploads\/2021\/03\/Laden_Bild-768x513.jpg 768w\" sizes=\"auto, (max-width: 800px) 100vw, 800px\" \/><\/figure><div class=\"wp-block-media-text__content\">\n<h4 class=\"wp-block-heading\">BERATUNG &#8211;<\/h4>\n\n\n\n<p>Seit 1965 besteht dieses wunderbare Handschuh Gesch\u00e4ft am Neubau. &nbsp;Gabriele Budweiser hat die erste Adresse bei Handschuhen ab 2010 gemeinsam mit Ihrer Mutter, Christine Amit gef\u00fchrt und \u201estep by step\u201c das Sortiment erweitert.<\/p>\n\n\n\n<p>Marken Schirme aus dem Hause KNIRPS, BUGATTI, DOPPLER, Gehst\u00f6cke der besonderen Art, Hosentr\u00e4ger aus heimischer Produktion oder der deutschen Manufactur TRICO.<\/p>\n\n\n\n<p>Auf Wunsch sind auch &nbsp;Sonderanfertigungen &nbsp;aus Seide f\u00fcr ihren ganz besonderen Anlass nach Ma\u00df m\u00f6glich!<\/p>\n<\/div><\/div>\n\n\n\n<div class=\"wp-block-columns is-layout-flex wp-container-core-columns-is-layout-9d6595d7 wp-block-columns-is-layout-flex\">\n<div class=\"wp-block-column is-layout-flow wp-block-column-is-layout-flow\" style=\"flex-basis:100%\">\n<div class=\"wp-block-columns is-layout-flex wp-container-core-columns-is-layout-9d6595d7 wp-block-columns-is-layout-flex\">\n<div class=\"wp-block-column is-layout-flow wp-block-column-is-layout-flow\">\n<h4 class=\"wp-block-heading\">GOOGLE-BEWERTUNGEN<\/h4>\n\n\n\n<h2 class=\"wp-block-heading\">5,0 \u2605\u2605\u2605\u2605\u2605<\/h2>\n\n\n\n<p><a href=\"https:\/\/www.google.at\/maps\/place\/Handschuhgesch%C3%A4ft+am+Neubau,+Gabriele+Budweiser\/@48.2019221,16.3470522,17z\/data=!4m7!3m6!1s0x476d078d0bc271c1:0x1c9ee943c4d05530!8m2!3d48.2019221!4d16.3492409!9m1!1b1\" target=\"_blank\" rel=\"noreferrer noopener\">Weitere Bewertungen bei Google lesen<\/a><\/p>\n<\/div>\n\n\n\n<div class=\"wp-block-column is-layout-flow wp-block-column-is-layout-flow\">\n<h4 class=\"wp-block-heading\"><\/h4>\n<\/div>\n<\/div>\n<\/div>\n<\/div>\n\n\n\n<div class=\"wp-block-media-text alignwide is-stacked-on-mobile\"><figure class=\"wp-block-media-text__media\"><img loading=\"lazy\" decoding=\"async\" width=\"1024\" height=\"678\" src=\"https:\/\/handschuh-neubau.at\/wp-content\/uploads\/2021\/03\/IMGP2275-1024x678.jpg\" alt=\"\" class=\"wp-image-101 size-full\" srcset=\"https:\/\/handschuh-neubau.at\/wp-content\/uploads\/2021\/03\/IMGP2275-1024x678.jpg 1024w, https:\/\/handschuh-neubau.at\/wp-content\/uploads\/2021\/03\/IMGP2275-300x199.jpg 300w, https:\/\/handschuh-neubau.at\/wp-content\/uploads\/2021\/03\/IMGP2275-768x509.jpg 768w, https:\/\/handschuh-neubau.at\/wp-content\/uploads\/2021\/03\/IMGP2275-1536x1018.jpg 1536w, https:\/\/handschuh-neubau.at\/wp-content\/uploads\/2021\/03\/IMGP2275-2048x1357.jpg 2048w, https:\/\/handschuh-neubau.at\/wp-content\/uploads\/2021\/03\/IMGP2275-1568x1039.jpg 1568w\" sizes=\"auto, (max-width: 1024px) 100vw, 1024px\" \/><\/figure><div class=\"wp-block-media-text__content\">\n<p><strong>QUALIT\u00c4T &#8211;<\/strong><\/p>\n\n\n\n<p>Ob klassisch elegant, sportlich exklusiv, Leder, Seide, Karbon oder reinste, feinste Merinowolle \u2013 im liebevoll ausgew\u00e4hlten Sortiment \u00f6sterreichischer und europ\u00e4ischer Hersteller (wie z.B. handgefertigte Regenschirme &amp; Hosentr\u00e4ger aus \u00d6sterreich) findet jeder Kunde, jede Kundin den perfekten Begleiter f\u00fcr jeden Anlass.<\/p>\n\n\n\n<p>Auch die B\u00fchnen Wiens z\u00e4hlen zu unseren langj\u00e4hrigen Kunden.<\/p>\n<\/div><\/div>\n\n\n\n<p><\/p>\n\n\n\n<h4 class=\"wp-block-heading\">SERVICE &#8211;<\/h4>\n\n\n\n<p>Kleinere N\u00e4h- und Einf\u00fctterungsarbeiten an Handschuhen aus unserem Hause werden fachgerecht und flott erledigt. Die Preise variieren je nach Material und Aufwand.<\/p>\n\n\n\n<p><em>Auf Produkte aus dem Hause Jasch, Doppler, Happy Rain bieten wir ein Jahr Garantie, Knirps und Rotpunkt bieten zwei Jahre Gew\u00e4hrleistung auf Gest\u00e4nge und Automatik.&nbsp;<\/em><\/p>\n","protected":false},"excerpt":{"rendered":"<p>BERATUNG &#8211; Seit 1965 besteht dieses wunderbare Handschuh Gesch\u00e4ft am Neubau. &nbsp;Gabriele Budweiser hat die erste Adresse bei Handschuhen ab 2010 gemeinsam mit Ihrer Mutter, Christine Amit gef\u00fchrt und \u201estep by step\u201c das Sortiment erweitert. Marken Schirme aus dem Hause KNIRPS, BUGATTI, DOPPLER, Gehst\u00f6cke der besonderen Art, Hosentr\u00e4ger aus heimischer Produktion oder der deutschen Manufactur&hellip; <a class=\"more-link\" href=\"https:\/\/handschuh-neubau.at\/\"><span class=\"screen-reader-text\">Herzlich Willkommen<\/span> weiterlesen<\/a><\/p>\n","protected":false},"author":1,"featured_media":0,"parent":0,"menu_order":0,"comment_status":"closed","ping_status":"closed","template":"","meta":{"footnotes":""},"class_list":["post-87","page","type-page","status-publish","hentry","entry"],"_links":{"self":[{"href":"https:\/\/handschuh-neubau.at\/index.php\/wp-json\/wp\/v2\/pages\/87","targetHints":{"allow":["GET"]}}],"collection":[{"href":"https:\/\/handschuh-neubau.at\/index.php\/wp-json\/wp\/v2\/pages"}],"about":[{"href":"https:\/\/handschuh-neubau.at\/index.php\/wp-json\/wp\/v2\/types\/page"}],"author":[{"embeddable":true,"href":"https:\/\/handschuh-neubau.at\/index.php\/wp-json\/wp\/v2\/users\/1"}],"replies":[{"embeddable":true,"href":"https:\/\/handschuh-neubau.at\/index.php\/wp-json\/wp\/v2\/comments?post=87"}],"version-history":[{"count":18,"href":"https:\/\/handschuh-neubau.at\/index.php\/wp-json\/wp\/v2\/pages\/87\/revisions"}],"predecessor-version":[{"id":264,"href":"https:\/\/handschuh-neubau.at\/index.php\/wp-json\/wp\/v2\/pages\/87\/revisions\/264"}],"wp:attachment":[{"href":"https:\/\/handschuh-neubau.at\/index.php\/wp-json\/wp\/v2\/media?parent=87"}],"curies":[{"name":"wp","href":"https:\/\/api.w.org\/{rel}","templated":true}]}}