{"id":62,"date":"2021-03-11T18:30:27","date_gmt":"2021-03-11T18:30:27","guid":{"rendered":"https:\/\/handschuh-neubau.at\/?page_id=62"},"modified":"2021-04-26T12:35:05","modified_gmt":"2021-04-26T12:35:05","slug":"impressum","status":"publish","type":"page","link":"https:\/\/handschuh-neubau.at\/index.php\/impressum\/","title":{"rendered":"Impressum"},"content":{"rendered":"\n<h6 class=\"wp-block-heading\"><\/h6>\n\n\n\n<h2 class=\"wp-block-heading\"><a href=\"https:\/\/web.archive.org\/web\/20210115173735\/https:\/\/www.wkoecg.at\/Web\/Ecg.aspx?FirmaID=cb0822a6-2605-41fc-9480-54d2778b62e2\" target=\"_blank\" rel=\"noreferrer noopener\"><\/a>ANGABEN GEM\u00c4SS ECG<\/h2>\n\n\n\n<p>Gabriele Budweiser<br>Fachgesch\u00e4ft f\u00fcr Handschuhe<br>Neubaugasse 44<br>1070 Wien<\/p>\n\n\n\n<p>Beh\u00f6rde gem. ECG (E-Commerce Gesetz): Magistratisches Bezirksamt des VII. Bezirkes<br>Weitere Aufsichtsbeh\u00f6rde (gem. ECG): 1070 Wien<\/p>\n\n\n\n<p><strong>Mitglied der Wirtschaftskammer Wien<\/strong><\/p>\n\n\n\n<p><strong>Berufszweig \/ Fachgruppe:<\/strong>&nbsp;Einzelhandel mit Bekleidung und Textilien<br>Einzelhandel mit Leder-, Galanterie- und Bijouteriewaren<\/p>\n\n\n\n<p>Alle Informationen finden Sie ebenfalls auf unserer&nbsp;<a href=\"https:\/\/web.archive.org\/web\/20210115173735\/http:\/\/firmen.wko.at\/Web\/DetailsKontakt.aspx?FirmaID=cdd1dcd0-5526-4d6f-84b2-9cc7d63cf389&amp;StandortID=17&amp;StandortName=Wien+7.+Bezirk+(Neubau)&amp;Branche=23934&amp;BranchenName=Handel&amp;CategoryID=0&amp;Page=1&amp;Filter=1\" target=\"_blank\" rel=\"noreferrer noopener\">WKO-Firmenseite<\/a>.<\/p>\n\n\n\n<h2 class=\"wp-block-heading\">KONTAKT:<\/h2>\n\n\n\n<figure class=\"wp-block-table\"><table><tbody><tr><td>Telefon:<\/td><td>+43 (1) 5226993<\/td><\/tr><tr><td>E-Mail:<\/td><td><a rel=\"noreferrer noopener\" href=\"mailto:office@handschuh-neubau.at\" target=\"_blank\">office@handschuh-neubau.at<\/a><\/td><\/tr><\/tbody><\/table><\/figure>\n\n\n\n<h2 class=\"wp-block-heading\"><\/h2>\n","protected":false},"excerpt":{"rendered":"<p>ANGABEN GEM\u00c4SS ECG Gabriele BudweiserFachgesch\u00e4ft f\u00fcr HandschuheNeubaugasse 441070 Wien Beh\u00f6rde gem. ECG (E-Commerce Gesetz): Magistratisches Bezirksamt des VII. BezirkesWeitere Aufsichtsbeh\u00f6rde (gem. ECG): 1070 Wien Mitglied der Wirtschaftskammer Wien Berufszweig \/ Fachgruppe:&nbsp;Einzelhandel mit Bekleidung und TextilienEinzelhandel mit Leder-, Galanterie- und Bijouteriewaren Alle Informationen finden Sie ebenfalls auf unserer&nbsp;WKO-Firmenseite. KONTAKT: Telefon: +43 (1) 5226993 E-Mail: office@handschuh-neubau.at<\/p>\n","protected":false},"author":1,"featured_media":0,"parent":0,"menu_order":0,"comment_status":"closed","ping_status":"closed","template":"","meta":{"footnotes":""},"class_list":["post-62","page","type-page","status-publish","hentry","entry"],"_links":{"self":[{"href":"https:\/\/handschuh-neubau.at\/index.php\/wp-json\/wp\/v2\/pages\/62","targetHints":{"allow":["GET"]}}],"collection":[{"href":"https:\/\/handschuh-neubau.at\/index.php\/wp-json\/wp\/v2\/pages"}],"about":[{"href":"https:\/\/handschuh-neubau.at\/index.php\/wp-json\/wp\/v2\/types\/page"}],"author":[{"embeddable":true,"href":"https:\/\/handschuh-neubau.at\/index.php\/wp-json\/wp\/v2\/users\/1"}],"replies":[{"embeddable":true,"href":"https:\/\/handschuh-neubau.at\/index.php\/wp-json\/wp\/v2\/comments?post=62"}],"version-history":[{"count":5,"href":"https:\/\/handschuh-neubau.at\/index.php\/wp-json\/wp\/v2\/pages\/62\/revisions"}],"predecessor-version":[{"id":160,"href":"https:\/\/handschuh-neubau.at\/index.php\/wp-json\/wp\/v2\/pages\/62\/revisions\/160"}],"wp:attachment":[{"href":"https:\/\/handschuh-neubau.at\/index.php\/wp-json\/wp\/v2\/media?parent=62"}],"curies":[{"name":"wp","href":"https:\/\/api.w.org\/{rel}","templated":true}]}}